{"id":2,"date":"2025-10-14T15:00:11","date_gmt":"2025-10-14T15:00:11","guid":{"rendered":"https:\/\/194.249.1.68\/ZDSMA\/?page_id=2"},"modified":"2025-12-05T09:23:45","modified_gmt":"2025-12-05T09:23:45","slug":"sample-page","status":"publish","type":"page","link":"https:\/\/www.osnhr.si\/ZDSMA\/","title":{"rendered":"Osnovna \u0161ola narodnega heroja Rajka Hrastnik"},"content":{"rendered":"\n<h1 class=\"wp-block-heading\">1. <strong>Osnovni podatki o \u0161oli<\/strong><\/h1>\n\n\n\n<ul class=\"wp-block-list\">\n<li><strong>Ime:<\/strong> Osnovna \u0161ola narodnega heroja Rajka Hrastnik<\/li>\n\n\n\n<li><strong>Naslov:<\/strong> Log 19, 1430 Hrastnik<\/li>\n\n\n\n<li><strong>Telefon:<\/strong> 03 56 42 460<\/li>\n\n\n\n<li><strong>E-po\u0161ta:<\/strong> tajnistvo@osnhr.si<\/li>\n<\/ul>\n\n\n\n<h1 class=\"wp-block-heading\">2. <strong>Kontaktne osebe<\/strong><\/h1>\n\n\n\n<ul class=\"wp-block-list\">\n<li><strong>Ravnateljica:<\/strong> Polona Dolanc &#8211; 03 56 42 441 &#8211; 041 431 705 &#8211; <a href=\"mailto:polona.dolanc@osnhr.si\" data-type=\"mailto\" data-id=\"mailto:polona.dolanc@osnhr.si\">polona.dolanc@osnhr.si<\/a><\/li>\n\n\n\n<li><strong>Tajni\u0161tvo:<\/strong> Sabina \u017dibert &#8211; 03 56 42 460 &#8211; <a href=\"mailto:tajnistvo@osnhr.si\" data-type=\"mailto\" data-id=\"mailto:tajnistvo@osnhr.si\">tajnistvo@osnhr.si<\/a><\/li>\n\n\n\n<li><strong>Ra\u010dunovodstvo:<\/strong> Mateja Drgan &#8211; 03 56 42 443 &#8211; <a href=\"mailto:racunovodstvo@osnhr.si\">racunovodstvo@osnhr.si<\/a><\/li>\n\n\n\n<li><strong>Organizator prehrane:<\/strong> Patricija Lakner &#8211; 03 56 42 451 &#8211; <a href=\"mailto:prehrana@osnhr.si\" data-type=\"mailto\" data-id=\"mailto:prehrana@osnhr.si\">prehrana@osnhr.si<\/a><\/li>\n\n\n\n<li><strong>Svetovalna delavka:<\/strong> Andreja Peterlin &#8211; 03 56 42 447 &#8211; <a href=\"mailto:andreja.peterlin@osnhr.si\" data-type=\"mailto\" data-id=\"mailto:andreja.peterlin@osnhr.si\">andreja.peterlin@osnhr.si<\/a><br> Kontaktni podatki so dostopni na <a href=\"https:\/\/osnhr.si\/zaposleni\/\">strani s seznamom zaposlenih.<\/a><\/li>\n<\/ul>\n\n\n\n<h1 class=\"wp-block-heading\">3. <strong>Jedilnik in prehrana<\/strong><\/h1>\n\n\n\n<ul class=\"wp-block-list\">\n<li>Za otroke z medicinsko indiciranimi dietami se pripravlja prilagojena prehrana.<br> Ve\u010d informacij je na voljo na <a href=\"https:\/\/osnhr.si\/jedilnik\/\">strani s podrobnostmi o prehrani.<\/a><\/li>\n<\/ul>\n\n\n\n<h1 class=\"wp-block-heading\">4. <strong>Obvestila za star\u0161e<\/strong><\/h1>\n\n\n\n<ul class=\"wp-block-list\">\n<li>Aktualna obvestila so objavljena na <a href=\"https:\/\/osnhr.si\/\">za\u010detni strani spletne strani.<\/a><\/li>\n\n\n\n<li>\u0160olski koledar (<a href=\"https:\/\/www.gov.si\/teme\/solski-koledar-za-osnovne-sole\/\" data-type=\"link\" data-id=\"https:\/\/www.gov.si\/teme\/solski-koledar-za-osnovne-sole\/\">Povezava<\/a>)<\/li>\n<\/ul>\n\n\n\n<h1 class=\"wp-block-heading\">5. <strong>Enote \u0161ole<\/strong><\/h1>\n\n\n\n<ul class=\"wp-block-list\">\n<li><strong>Mati\u010dna \u0161ola Hrastnik:<\/strong> Log 19, 1430 Hrastnik<\/li>\n\n\n\n<li><strong>Podru\u017enica Dol pri Hrastniku:<\/strong> Planinska cesta 3, 1431 Dol pri Hrastniku<br><\/li>\n<\/ul>\n\n\n\n<h1 class=\"wp-block-heading\">6. <strong>Izjave in predpisi<\/strong><\/h1>\n\n\n\n<h2 class=\"wp-block-heading\">6.1. <strong>Programi vzgoje in izobra\u017eevanja<\/strong><\/h2>\n\n\n\n<ul class=\"wp-block-list\">\n<li><a href=\"https:\/\/www.gov.si\/teme\/izvajanje-predsolske-vzgoje\/\" target=\"_blank\" rel=\"noreferrer noopener\">Usmeritve za izvajanje pred\u0161olske vzgoje<\/a><\/li>\n\n\n\n<li><a href=\"https:\/\/www.gov.si\/teme\/programi-in-ucni-nacrti-v-osnovni-soli\/\" target=\"_blank\" rel=\"noreferrer noopener\">Programi in u\u010dni na\u010drti v osnovni \u0161oli<\/a><\/li>\n\n\n\n<li><a href=\"https:\/\/www.gov.si\/teme\/programi-v-glasbenem-izobrazevanju\/\" target=\"_blank\" rel=\"noreferrer noopener\">Programi v glasbenem izobra\u017eevanju<\/a><\/li>\n\n\n\n<li><a href=\"https:\/\/www.gov.si\/teme\/splosno-srednjesolsko-izobrazevanje\/\" target=\"_blank\" rel=\"noreferrer noopener\">Splo\u0161no srednje\u0161olsko izobra\u017eevanje<\/a><\/li>\n\n\n\n<li><a href=\"https:\/\/https\/\/www.gov.si\/teme\/poklicno-in-strokovno-izobrazevanje\/\" target=\"_blank\" rel=\"noreferrer noopener\">Poklicno in strokovno srednje\u0161olsko izobra\u017eevanje<\/a><\/li>\n<\/ul>\n\n\n\n<h2 class=\"wp-block-heading\">6.2. <strong>Veljavni predpisi na podro\u010dju vzgoje in izobra\u017eevanja<\/strong><\/h2>\n\n\n\n<h3 class=\"wp-block-heading\"><strong>Skupni zakoni na podro\u010dju izobra\u017eevanja<\/strong> (<a href=\"https:\/\/www.gov.si\/drzavni-organi\/ministrstva\/ministrstvo-za-vzgojo-in-izobrazevanje\/zakonodaja\/#e9729\" data-type=\"link\" data-id=\"https:\/\/www.gov.si\/drzavni-organi\/ministrstva\/ministrstvo-za-vzgojo-in-izobrazevanje\/zakonodaja\/#e9729\">Povezava<\/a>)<\/h3>\n\n\n\n<ul class=\"wp-block-list\">\n<li><a href=\"https:\/\/www.gov.si\/drzavni-organi\/ministrstva\/ministrstvo-za-vzgojo-in-izobrazevanje\/zakonodaja\/#e25821\" target=\"_blank\" rel=\"noreferrer noopener\">Podzakonski akti na podlagi ZOFVI<\/a><\/li>\n\n\n\n<li><a href=\"https:\/\/www.gov.si\/drzavni-organi\/ministrstva\/ministrstvo-za-vzgojo-in-izobrazevanje\/zakonodaja\/#e25940\" target=\"_blank\" rel=\"noreferrer noopener\">Podzakonski akti na podlagi ZUOPP-1<\/a><\/li>\n\n\n\n<li><a href=\"https:\/\/www.gov.si\/drzavni-organi\/ministrstva\/ministrstvo-za-vzgojo-in-izobrazevanje\/zakonodaja\/#e25939\" target=\"_blank\" rel=\"noreferrer noopener\">Podzakonski akti na podlagi ZPIMVI<\/a><\/li>\n\n\n\n<li><a href=\"https:\/\/www.gov.si\/drzavni-organi\/ministrstva\/ministrstvo-za-vzgojo-in-izobrazevanje\/zakonodaja\/#e25949\" target=\"_blank\" rel=\"noreferrer noopener\">Podzakonski akti na podlagi ZIMPVI<\/a><\/li>\n\n\n\n<li><a href=\"https:\/\/www.gov.si\/drzavni-organi\/ministrstva\/ministrstvo-za-vzgojo-in-izobrazevanje\/zakonodaja\/#e25954\" target=\"_blank\" rel=\"noreferrer noopener\">Ostali podzakonski predpisi<\/a><\/li>\n<\/ul>\n\n\n\n<h3 class=\"wp-block-heading\"><strong>Zakoni na podro\u010dju pred\u0161olske vzgoje<\/strong> (<a href=\"https:\/\/www.gov.si\/drzavni-organi\/ministrstva\/ministrstvo-za-vzgojo-in-izobrazevanje\/zakonodaja\/#e25961\" data-type=\"link\" data-id=\"https:\/\/www.gov.si\/drzavni-organi\/ministrstva\/ministrstvo-za-vzgojo-in-izobrazevanje\/zakonodaja\/#e25961\">Povezava<\/a>)<\/h3>\n\n\n\n<ul class=\"wp-block-list\">\n<li><a href=\"https:\/\/www.gov.si\/drzavni-organi\/ministrstva\/ministrstvo-za-vzgojo-in-izobrazevanje\/zakonodaja\/#e25965\" target=\"_blank\" rel=\"noreferrer noopener\">Podzakonski predpisi na podro\u010dju pred\u0161olske vzgoje<\/a><\/li>\n<\/ul>\n\n\n\n<h3 class=\"wp-block-heading\"><strong>Zakoni na podro\u010dju osnovno\u0161olskega in glasbenega izobra\u017eevanja<\/strong> (<a href=\"https:\/\/www.gov.si\/drzavni-organi\/ministrstva\/ministrstvo-za-vzgojo-in-izobrazevanje\/zakonodaja\/#e27176\" data-type=\"link\" data-id=\"https:\/\/www.gov.si\/drzavni-organi\/ministrstva\/ministrstvo-za-vzgojo-in-izobrazevanje\/zakonodaja\/#e27176\">Povezava<\/a>)<\/h3>\n\n\n\n<ul class=\"wp-block-list\">\n<li><a href=\"https:\/\/www.gov.si\/drzavni-organi\/ministrstva\/ministrstvo-za-vzgojo-in-izobrazevanje\/zakonodaja\/#e27184\" target=\"_blank\" rel=\"noreferrer noopener\">Podzakonski akti, izdani na podlagi Zakona o osnovni \u0161oli<\/a><\/li>\n\n\n\n<li><a href=\"https:\/\/www.gov.si\/drzavni-organi\/ministrstva\/ministrstvo-za-vzgojo-in-izobrazevanje\/zakonodaja\/#e27207\" target=\"_blank\" rel=\"noreferrer noopener\">Podzakonski akti, izdani na podlagi Zakona o glasbenih \u0161olah<\/a><\/li>\n<\/ul>\n\n\n\n<h3 class=\"wp-block-heading\"><strong>Zakoni na podro\u010dju srednje\u0161olskega izobra\u017eevanja<\/strong> (<a href=\"https:\/\/www.gov.si\/drzavni-organi\/ministrstva\/ministrstvo-za-vzgojo-in-izobrazevanje\/zakonodaja\/#e27222\" data-type=\"link\" data-id=\"https:\/\/www.gov.si\/drzavni-organi\/ministrstva\/ministrstvo-za-vzgojo-in-izobrazevanje\/zakonodaja\/#e27222\">Povezava<\/a>)<\/h3>\n\n\n\n<ul class=\"wp-block-list\">\n<li><a href=\"https:\/\/www.gov.si\/drzavni-organi\/ministrstva\/ministrstvo-za-vzgojo-in-izobrazevanje\/zakonodaja\/#e27230\" target=\"_blank\" rel=\"noreferrer noopener\">Podzakonski predpisi za podro\u010dje srednje\u0161olskega izobra\u017eevanja<\/a><\/li>\n<\/ul>\n\n\n\n<h3 class=\"wp-block-heading\"><strong>Zakoni na podro\u010dju vi\u0161je\u0161olskega izobra\u017eevanja<\/strong> (<a href=\"https:\/\/www.gov.si\/drzavni-organi\/ministrstva\/ministrstvo-za-vzgojo-in-izobrazevanje\/zakonodaja\/#e27303\" data-type=\"link\" data-id=\"https:\/\/www.gov.si\/drzavni-organi\/ministrstva\/ministrstvo-za-vzgojo-in-izobrazevanje\/zakonodaja\/#e27303\">Povezava<\/a>)<\/h3>\n\n\n\n<ul class=\"wp-block-list\">\n<li><a href=\"https:\/\/www.gov.si\/drzavni-organi\/ministrstva\/ministrstvo-za-vzgojo-in-izobrazevanje\/zakonodaja\/#e27305\" target=\"_blank\" rel=\"noreferrer noopener\">Podzakonski predpisi na podro\u010dju vi\u0161je\u0161olskega izobra\u017eevanja<\/a><\/li>\n<\/ul>\n\n\n\n<h3 class=\"wp-block-heading\"><strong>Zakoni na podro\u010dju izobra\u017eevanja odraslih<\/strong> (<a href=\"https:\/\/www.gov.si\/drzavni-organi\/ministrstva\/ministrstvo-za-vzgojo-in-izobrazevanje\/zakonodaja\/#e27779\" data-type=\"link\" data-id=\"https:\/\/www.gov.si\/drzavni-organi\/ministrstva\/ministrstvo-za-vzgojo-in-izobrazevanje\/zakonodaja\/#e27779\">Povezava<\/a>)<\/h3>\n\n\n\n<ul class=\"wp-block-list\">\n<li><a href=\"https:\/\/www.gov.si\/drzavni-organi\/ministrstva\/ministrstvo-za-vzgojo-in-izobrazevanje\/zakonodaja\/#e27782\" target=\"_blank\" rel=\"noreferrer noopener\">Podzakonski predpisi, ki urejajo izobra\u017eevanje odraslih<\/a><\/li>\n\n\n\n<li><a href=\"https:\/\/www.mizs.gov.si\/si\/zakonodaja_in_dokumenti\/veljavni_predpisi_s_podrocja_izobrazevanja\/izobrazevanje_odraslih\/#c22600\" target=\"_blank\" rel=\"noreferrer noopener\">Programi splo\u0161nega opismenjevanja<\/a><\/li>\n\n\n\n<li><a href=\"https:\/\/www.mizs.gov.si\/si\/zakonodaja_in_dokumenti\/veljavni_predpisi_s_podrocja_izobrazevanja\/izobrazevanje_odraslih\/#c22601\" target=\"_blank\" rel=\"noreferrer noopener\">Programi za integracijo priseljencev<\/a><\/li>\n\n\n\n<li><a href=\"https:\/\/www.mizs.gov.si\/si\/zakonodaja_in_dokumenti\/veljavni_predpisi_s_podrocja_izobrazevanja\/izobrazevanje_odraslih\/#c22602\" target=\"_blank\" rel=\"noreferrer noopener\">Programi za mlaj\u0161e odrasle<\/a><\/li>\n\n\n\n<li><a href=\"https:\/\/www.mizs.gov.si\/si\/zakonodaja_in_dokumenti\/veljavni_predpisi_s_podrocja_izobrazevanja\/izobrazevanje_odraslih\/#c22603\" target=\"_blank\" rel=\"noreferrer noopener\">Jezikovni programi<\/a><\/li>\n<\/ul>\n\n\n\n<h3 class=\"wp-block-heading\"><strong>Predpisi na podro\u010dju kadrov v vzgoji in izobra\u017eevanju<\/strong><\/h3>\n\n\n\n<ul class=\"wp-block-list\">\n<li><a href=\"https:\/\/www.gov.si\/drzavni-organi\/ministrstva\/ministrstvo-za-vzgojo-in-izobrazevanje\/zakonodaja\/#e27853\" target=\"_blank\" rel=\"noreferrer noopener\">Podzakonski predpisi, povezani z dejavnostjo na podro\u010dju kadrov v vzgoji in izobra\u017eevanju<\/a><\/li>\n\n\n\n<li><a href=\"https:\/\/www.gov.si\/drzavni-organi\/ministrstva\/ministrstvo-za-vzgojo-in-izobrazevanje\/zakonodaja\/#e27857\" target=\"_blank\" rel=\"noreferrer noopener\">Podzakonski predpisi, povezani z izobrazbenimi pogoji na podro\u010dju kadrov v vzgoji in izobra\u017eevanju<\/a><\/li>\n\n\n\n<li><a href=\"https:\/\/www.gov.si\/drzavni-organi\/ministrstva\/ministrstvo-za-vzgojo-in-izobrazevanje\/zakonodaja\/#e27918\" target=\"_blank\" rel=\"noreferrer noopener\">Ostali predpisi, povezani s kadri na podro\u010dju vzgoje in izobra\u017eevanja<\/a><\/li>\n<\/ul>\n\n\n\n<h2 class=\"wp-block-heading\">6.3. <strong>Izjava o dostopnosti<\/strong><\/h2>\n\n\n\n<p><a href=\"https:\/\/osnhr.si\/ZDSMA\/?page_id=5\">\ud83d\udcc4 Izjava o dostopnosti \u2013 O\u0160NHR Hrastnik<\/a><\/p>\n","protected":false},"excerpt":{"rendered":"<p>1. Osnovni podatki o \u0161oli 2. Kontaktne osebe 3. Jedilnik in prehrana 4. Obvestila za star\u0161e 5. Enote \u0161ole 6. [&hellip;]<\/p>\n","protected":false},"author":1,"featured_media":0,"parent":0,"menu_order":0,"comment_status":"closed","ping_status":"open","template":"","meta":{"site-sidebar-layout":"default","site-content-layout":"","ast-site-content-layout":"default","site-content-style":"default","site-sidebar-style":"default","ast-global-header-display":"","ast-banner-title-visibility":"","ast-main-header-display":"","ast-hfb-above-header-display":"","ast-hfb-below-header-display":"","ast-hfb-mobile-header-display":"","site-post-title":"","ast-breadcrumbs-content":"","ast-featured-img":"","footer-sml-layout":"","ast-disable-related-posts":"","theme-transparent-header-meta":"","adv-header-id-meta":"","stick-header-meta":"","header-above-stick-meta":"","header-main-stick-meta":"","header-below-stick-meta":"","astra-migrate-meta-layouts":"default","ast-page-background-enabled":"default","ast-page-background-meta":{"desktop":{"background-color":"var(--ast-global-color-5)","background-image":"","background-repeat":"repeat","background-position":"center center","background-size":"auto","background-attachment":"scroll","background-type":"","background-media":"","overlay-type":"","overlay-color":"","overlay-opacity":"","overlay-gradient":""},"tablet":{"background-color":"","background-image":"","background-repeat":"repeat","background-position":"center center","background-size":"auto","background-attachment":"scroll","background-type":"","background-media":"","overlay-type":"","overlay-color":"","overlay-opacity":"","overlay-gradient":""},"mobile":{"background-color":"","background-image":"","background-repeat":"repeat","background-position":"center center","background-size":"auto","background-attachment":"scroll","background-type":"","background-media":"","overlay-type":"","overlay-color":"","overlay-opacity":"","overlay-gradient":""}},"ast-content-background-meta":{"desktop":{"background-color":"var(--ast-global-color-4)","background-image":"","background-repeat":"repeat","background-position":"center center","background-size":"auto","background-attachment":"scroll","background-type":"","background-media":"","overlay-type":"","overlay-color":"","overlay-opacity":"","overlay-gradient":""},"tablet":{"background-color":"var(--ast-global-color-4)","background-image":"","background-repeat":"repeat","background-position":"center center","background-size":"auto","background-attachment":"scroll","background-type":"","background-media":"","overlay-type":"","overlay-color":"","overlay-opacity":"","overlay-gradient":""},"mobile":{"background-color":"var(--ast-global-color-4)","background-image":"","background-repeat":"repeat","background-position":"center center","background-size":"auto","background-attachment":"scroll","background-type":"","background-media":"","overlay-type":"","overlay-color":"","overlay-opacity":"","overlay-gradient":""}},"footnotes":""},"class_list":["post-2","page","type-page","status-publish","hentry"],"_links":{"self":[{"href":"https:\/\/www.osnhr.si\/ZDSMA\/index.php?rest_route=\/wp\/v2\/pages\/2","targetHints":{"allow":["GET"]}}],"collection":[{"href":"https:\/\/www.osnhr.si\/ZDSMA\/index.php?rest_route=\/wp\/v2\/pages"}],"about":[{"href":"https:\/\/www.osnhr.si\/ZDSMA\/index.php?rest_route=\/wp\/v2\/types\/page"}],"author":[{"embeddable":true,"href":"https:\/\/www.osnhr.si\/ZDSMA\/index.php?rest_route=\/wp\/v2\/users\/1"}],"replies":[{"embeddable":true,"href":"https:\/\/www.osnhr.si\/ZDSMA\/index.php?rest_route=%2Fwp%2Fv2%2Fcomments&post=2"}],"version-history":[{"count":11,"href":"https:\/\/www.osnhr.si\/ZDSMA\/index.php?rest_route=\/wp\/v2\/pages\/2\/revisions"}],"predecessor-version":[{"id":51,"href":"https:\/\/www.osnhr.si\/ZDSMA\/index.php?rest_route=\/wp\/v2\/pages\/2\/revisions\/51"}],"wp:attachment":[{"href":"https:\/\/www.osnhr.si\/ZDSMA\/index.php?rest_route=%2Fwp%2Fv2%2Fmedia&parent=2"}],"curies":[{"name":"wp","href":"https:\/\/api.w.org\/{rel}","templated":true}]}}