{"id":44,"date":"2025-12-05T08:15:12","date_gmt":"2025-12-05T08:15:12","guid":{"rendered":"https:\/\/www.osnhr.si\/ZDSMA\/?page_id=44"},"modified":"2025-12-05T09:17:01","modified_gmt":"2025-12-05T09:17:01","slug":"dodatne-informacije","status":"publish","type":"page","link":"https:\/\/www.osnhr.si\/ZDSMA\/?page_id=44","title":{"rendered":"Dodatne informacije"},"content":{"rendered":"\n<h2 class=\"wp-block-heading\">1. Vpis v osnovno \u0161olo<\/h2>\n\n\n\n<h3 class=\"wp-block-heading\">1.1. Vpis prvo\u0161olcev<\/h3>\n\n\n\n<p>Star\u0161i morajo v prvi razred osnovne \u0161ole vpisati otroke, ki bodo v koledarskem letu, v katerem bodo za\u010deli obiskovati \u0161olo, dopolnili 6 let. Vpis poteka v mesecu februarju. Na naslov bodo\u010dih prvo\u0161olcev \u0161ola po\u0161lje vabilo k vpisu. Postopek vpisa otroka v 1. razred poteka v osnovni \u0161oli v okoli\u0161u, v katerem otrok stalno ali za\u010dasno biva.<\/p>\n\n\n\n<h3 class=\"wp-block-heading\">1.2. Odlog \u0161olanja<\/h3>\n\n\n\n<p>Ob prehodu otrok iz vrtca v \u0161olo se star\u0161em velikokrat porajajo vpra\u0161anja povezana z zrelostjo njihovih otrok na vstop v \u0161olo. Le ta od njih namre\u010d zahteva dolo\u010deno mero telesne, osebnostne in intelektualne zrelosti.<\/p>\n\n\n\n<p>V skladu s 46. \u010dlenom Zakona o O\u0160, se lahko otroku pri\u010detek \u0161olanja v primeru ugotovitve, da ni pripravljen nanjo, na predlog star\u0161ev, zdravstvene slu\u017ebe ali komisije za usmerjanje odlo\u017ei za eno leto. Kljub na\u010drtovanemu odlogu \u0161olanja se morajo star\u0161i udele\u017eiti vpisa v osnovno \u0161olo. Star\u0161i, ki \u017eelijo otroku odlo\u017eiti \u0161olanje morajo izpolniti <a href=\"https:\/\/osnhr.si\/wp-content\/uploads\/2025\/08\/Vloga-za-odlog-solanja.docx\" data-type=\"link\" data-id=\"https:\/\/osnhr.si\/wp-content\/uploads\/2025\/08\/Vloga-za-odlog-solanja.docx\">vlogo za odlog<\/a> in jo predati \u0161olski svetovalni delavki.<\/p>\n\n\n\n<p>\u010ce star\u0161i oz. zdravstvena slu\u017eba predlagajo odlog \u0161olanja, je ugotavljanje pripravljenosti otroka za vstop v \u0161olo obvezen. Pripravljenost za vstop v \u0161olo ugotavlja komisija, imenovana s strani ravnatelja \u0161ole. Sestavljajo jo \u0161olski zdravnik, svetovalni delavec in vzgojitelj oziroma u\u010ditelj (47. \u010dlen Zakona o osnovni \u0161oli).<\/p>\n\n\n\n<p>Najmanj 3 mesece pred pri\u010detkom \u0161olanja \u0161ola star\u0161em izda potrdilo o vpisu oziroma obvestilo o odlo\u017eitvi za\u010detka \u0161olanja.<\/p>\n\n\n\n<p>V primeru kakr\u0161nihkoli dodatnih vpra\u0161anj oz. dvomov se lahko obrnete na svetovalno delavko (pedagoginjo) \u0160pelo Vuga \u0160truc (<a href=\"mailto:spela.vuga@osnhr.si\">spela.vuga@osnhr.si<\/a>, <a href=\"tel:035642448\">03 56 42 448<\/a>).<\/p>\n\n\n\n<h3 class=\"wp-block-heading\">1.3. Vpis otroka v drugi \u0161olski okoli\u0161<\/h3>\n\n\n\n<p>Po 48. \u010dlenu Zakona o osnovni \u0161oli ima vsak otrok pravico do vpisa v osnovno \u0161olo, ki ima sede\u017e na obmo\u010dju, kjer otrok prebiva. \u010ce otrok \u017eivi v \u0161olskem okoli\u0161u neke osnovne \u0161ole, je to za njegova mati\u010dna \u0161ola in mu je dol\u017ena zagotoviti u\u010dno mesto.<\/p>\n\n\n\n<p>Zakon dopu\u0161\u010da tudi mo\u017enost, da star\u0161i vpi\u0161ejo otroka v osnovno \u0161olo drugega \u0161olskega okoli\u0161a. To lahko storijo le pod pogojem, da \u0161ola drugega \u0161olskega okoli\u0161a s tem sogla\u0161a. Za star\u0161e \u0161olskih novincev, ki otroka vpisujejo v prvi razred \u0161ole drugega \u0161olskega okoli\u0161a, velja, da otroka vpi\u0161ejo najprej v mati\u010dno \u0161olo, 14 dni od prvega vpisa pa vlo\u017eijo pro\u0161njo za prepis na osnovni \u0161oli drugega \u0161olskega okoli\u0161a, kamor \u017eelijo vpisati svojega otroka.<\/p>\n\n\n\n<h2 class=\"wp-block-heading\">2. Ustanovitelj in \u0161olski okoli\u0161<\/h2>\n\n\n\n<h3 class=\"wp-block-heading\">2.1. \u0160olski okoli\u0161<\/h3>\n\n\n\n<p>\u0160olski okoli\u0161 je opredeljen v Odloku o ustanovitvi javnega vzgojno-izobra\u017eevalnega zavoda Osnovna \u0161ola narodnega heroja Rajka Hrastnik (Ur. vestnik Zasavja \u0161t. 11\/08). Zavod s svojo dejavnostjo zadovoljuje potrebe po osnovno\u0161olskem izobra\u017eevanju na celotnem obmo\u010dju ob\u010dine Hrastnik.<\/p>\n\n\n\n<h3 class=\"wp-block-heading\">2.2 Podatki o ustanovitelju<\/h3>\n\n\n\n<p>Ob\u010dina Hrastnik<br>Pot Vitka Pavli\u010da 5<br>1430 Hrastnik<br>D\u0160: SI 83246274<br>M\u0160: 5880181000<br>T: 03 56 54 350<br>F: 03 56 54 369<br>E: obcina.hrastnik@hrastnik.si<\/p>\n\n\n\n<h2 class=\"wp-block-heading\">3. Uradne ure in poslovni \u010das<\/h2>\n\n\n\n<p>\u0160olska stavba je odprta od 5:30. do 21. ure.<\/p>\n\n\n\n<p>Poslovni \u010das:<\/p>\n\n\n\n<ul class=\"wp-block-list\">\n<li>RAVNATELJICA 6:00 \u2013 14:00<\/li>\n\n\n\n<li>TAJNI\u0160TVO Hrastnik 6:00 \u2013 14:00<\/li>\n\n\n\n<li>RA\u010cUNOVODSTVO 6:00 \u2013 14:00<\/li>\n<\/ul>\n\n\n\n<p>Uradne ure:<\/p>\n\n\n\n<ul class=\"wp-block-list\">\n<li>RAVNATELJICA PO, SR, PE 10:00\u201312:00<\/li>\n\n\n\n<li>TAJNI\u0160TVO Hrastnik PO, SR, PE 8:00\u201310:00<\/li>\n\n\n\n<li>RA\u010cUNOVODSTVO Vsak dan od 8:00\u201310:00<\/li>\n<\/ul>\n\n\n\n<p><\/p>\n","protected":false},"excerpt":{"rendered":"<p>1. Vpis v osnovno \u0161olo 1.1. Vpis prvo\u0161olcev Star\u0161i morajo v prvi razred osnovne \u0161ole vpisati otroke, ki bodo v [&hellip;]<\/p>\n","protected":false},"author":2,"featured_media":0,"parent":0,"menu_order":0,"comment_status":"closed","ping_status":"closed","template":"","meta":{"site-sidebar-layout":"default","site-content-layout":"","ast-site-content-layout":"default","site-content-style":"default","site-sidebar-style":"default","ast-global-header-display":"","ast-banner-title-visibility":"","ast-main-header-display":"","ast-hfb-above-header-display":"","ast-hfb-below-header-display":"","ast-hfb-mobile-header-display":"","site-post-title":"","ast-breadcrumbs-content":"","ast-featured-img":"","footer-sml-layout":"","ast-disable-related-posts":"","theme-transparent-header-meta":"","adv-header-id-meta":"","stick-header-meta":"","header-above-stick-meta":"","header-main-stick-meta":"","header-below-stick-meta":"","astra-migrate-meta-layouts":"default","ast-page-background-enabled":"default","ast-page-background-meta":{"desktop":{"background-color":"var(--ast-global-color-5)","background-image":"","background-repeat":"repeat","background-position":"center center","background-size":"auto","background-attachment":"scroll","background-type":"","background-media":"","overlay-type":"","overlay-color":"","overlay-opacity":"","overlay-gradient":""},"tablet":{"background-color":"","background-image":"","background-repeat":"repeat","background-position":"center center","background-size":"auto","background-attachment":"scroll","background-type":"","background-media":"","overlay-type":"","overlay-color":"","overlay-opacity":"","overlay-gradient":""},"mobile":{"background-color":"","background-image":"","background-repeat":"repeat","background-position":"center center","background-size":"auto","background-attachment":"scroll","background-type":"","background-media":"","overlay-type":"","overlay-color":"","overlay-opacity":"","overlay-gradient":""}},"ast-content-background-meta":{"desktop":{"background-color":"var(--ast-global-color-4)","background-image":"","background-repeat":"repeat","background-position":"center center","background-size":"auto","background-attachment":"scroll","background-type":"","background-media":"","overlay-type":"","overlay-color":"","overlay-opacity":"","overlay-gradient":""},"tablet":{"background-color":"var(--ast-global-color-4)","background-image":"","background-repeat":"repeat","background-position":"center center","background-size":"auto","background-attachment":"scroll","background-type":"","background-media":"","overlay-type":"","overlay-color":"","overlay-opacity":"","overlay-gradient":""},"mobile":{"background-color":"var(--ast-global-color-4)","background-image":"","background-repeat":"repeat","background-position":"center center","background-size":"auto","background-attachment":"scroll","background-type":"","background-media":"","overlay-type":"","overlay-color":"","overlay-opacity":"","overlay-gradient":""}},"footnotes":""},"class_list":["post-44","page","type-page","status-publish","hentry"],"_links":{"self":[{"href":"https:\/\/www.osnhr.si\/ZDSMA\/index.php?rest_route=\/wp\/v2\/pages\/44","targetHints":{"allow":["GET"]}}],"collection":[{"href":"https:\/\/www.osnhr.si\/ZDSMA\/index.php?rest_route=\/wp\/v2\/pages"}],"about":[{"href":"https:\/\/www.osnhr.si\/ZDSMA\/index.php?rest_route=\/wp\/v2\/types\/page"}],"author":[{"embeddable":true,"href":"https:\/\/www.osnhr.si\/ZDSMA\/index.php?rest_route=\/wp\/v2\/users\/2"}],"replies":[{"embeddable":true,"href":"https:\/\/www.osnhr.si\/ZDSMA\/index.php?rest_route=%2Fwp%2Fv2%2Fcomments&post=44"}],"version-history":[{"count":4,"href":"https:\/\/www.osnhr.si\/ZDSMA\/index.php?rest_route=\/wp\/v2\/pages\/44\/revisions"}],"predecessor-version":[{"id":50,"href":"https:\/\/www.osnhr.si\/ZDSMA\/index.php?rest_route=\/wp\/v2\/pages\/44\/revisions\/50"}],"wp:attachment":[{"href":"https:\/\/www.osnhr.si\/ZDSMA\/index.php?rest_route=%2Fwp%2Fv2%2Fmedia&parent=44"}],"curies":[{"name":"wp","href":"https:\/\/api.w.org\/{rel}","templated":true}]}}