{"id":5,"date":"2025-10-14T15:22:09","date_gmt":"2025-10-14T15:22:09","guid":{"rendered":"https:\/\/194.249.1.68\/ZDSMA\/?page_id=5"},"modified":"2025-10-15T09:33:24","modified_gmt":"2025-10-15T09:33:24","slug":"%f0%9f%93%84-izjava-o-dostopnosti","status":"publish","type":"page","link":"https:\/\/www.osnhr.si\/ZDSMA\/?page_id=5","title":{"rendered":"\ud83d\udcc4 Izjava o dostopnosti"},"content":{"rendered":"\n<p>Osnovna \u0161ola narodnega heroja Rajka Hrastnik se zavezuje omogo\u010dati dostopnost svojega lo\u010denega spleti\u0161\u010da v skladu z Zakonom o dostopnosti spleti\u0161\u010d in mobilnih aplikacij (ZDSMA), ki implementira Direktivo (EU) 2016\/2102 Evropskega parlamenta in Sveta.<\/p>\n\n\n\n<h3 class=\"wp-block-heading\">Stopnja skladnosti<\/h3>\n\n\n\n<p>To spleti\u0161\u010de je <strong>delno skladno<\/strong> z Zakonom o dostopnosti spleti\u0161\u010d in mobilnih aplikacij zaradi spodaj navedenih izjem.<\/p>\n\n\n\n<p>Spleti\u0161\u010de je lo\u010dena spletna stran, ki vsebuje <strong>klju\u010dne in nujne informacije<\/strong> za uporabnike osnovne \u0161ole Hrastnik. Zaradi organizacijskih in finan\u010dnih omejitev celotna glavna spletna stran trenutno ne izpolnjuje vseh zahtev po dostopnosti, zato je ta lo\u010dena stran vzpostavljena kot prilagojena, enostavnej\u0161a razli\u010dica, namenjena zagotavljanju osnovnih informacij v dostopni obliki.<\/p>\n\n\n\n<h3 class=\"wp-block-heading\">Nedostopna vsebina<\/h3>\n\n\n\n<p>Kljub prizadevanjem za zagotavljanje dostopnosti lahko nekateri elementi zaradi tehni\u010dnih omejitev \u0161e niso v celoti usklajeni z zahtevami:<\/p>\n\n\n\n<ul class=\"wp-block-list\">\n<li>Nekateri dokumenti (npr. PDF jedilniki, publikacije) morda niso v celoti dostopni (npr. neozna\u010dene glave tabel ali manjkajo\u010de oznake).<\/li>\n\n\n\n<li>Nekatere fotografije morda nimajo alternativnega besedila.<\/li>\n\n\n\n<li>Video vsebine (\u010de obstajajo) nimajo podnapisov.<\/li>\n<\/ul>\n\n\n\n<p>Stremimo k sprotnemu izbolj\u0161evanju teh vsebin.<\/p>\n\n\n\n<h3 class=\"wp-block-heading\">Priprava izjave<\/h3>\n\n\n\n<p>Ta izjava je bila pripravljena dne: 15. 10. 2025<\/p>\n\n\n\n<p>Metoda priprave: Izjava je bila pripravljena z <strong>lastno oceno skladnosti<\/strong> in <strong>ro\u010dnim pregledom klju\u010dnih elementov<\/strong> strani.<\/p>\n\n\n\n<p>Zadnja posodobitev izjave: <strong>15. 10. 2025<\/strong><\/p>\n\n\n\n<h3 class=\"wp-block-heading\">Povratne informacije in kontakt<\/h3>\n\n\n\n<p>V kolikor naletite na vsebino, ki ni dostopna, nam to lahko sporo\u010dite in se bomo potrudili omogo\u010diti dostopnost na primeren na\u010din.<\/p>\n\n\n\n<p><strong>Kontakt za dostopnost:<\/strong><\/p>\n\n\n\n<ul class=\"wp-block-list\">\n<li>E-naslov: <a>bozidar-thor.jevsevar@osnhr.si<\/a><\/li>\n\n\n\n<li>Telefon: 03 56 42 457<\/li>\n\n\n\n<li>Naslov: Osnovna \u0161ola narodnega heroja Rajka, Log 19, 1430 Hrastnik<\/li>\n<\/ul>\n\n\n\n<h3 class=\"wp-block-heading\">In\u0161pekcijski nadzor<\/h3>\n\n\n\n<p>V primeru nezadovoljivih odgovorov na obvestilo ali zahtevo, ki ste jo poslali v skladu z 8. \u010dlenom ZDSMA, lahko podate <strong>prijavo in\u0161pekcijskemu nadzoru<\/strong>:<\/p>\n\n\n\n<p><strong>In\u0161pektorat za informacijsko dru\u017ebo (MJU)<\/strong><br>Dunajska cesta 22<br>1000 Ljubljana<br>Telefon: 01 478 83 33<br>E-naslov: <a>gp.mju@gov.si<\/a><br>Spletna stran: <a class=\"\" href=\"https:\/\/www.mju.gov.si\/\">www.mju.gov.si<\/a><\/p>\n","protected":false},"excerpt":{"rendered":"<p>Osnovna \u0161ola narodnega heroja Rajka Hrastnik se zavezuje omogo\u010dati dostopnost svojega lo\u010denega spleti\u0161\u010da v skladu z Zakonom o dostopnosti spleti\u0161\u010d [&hellip;]<\/p>\n","protected":false},"author":1,"featured_media":0,"parent":0,"menu_order":0,"comment_status":"closed","ping_status":"closed","template":"","meta":{"site-sidebar-layout":"default","site-content-layout":"","ast-site-content-layout":"default","site-content-style":"default","site-sidebar-style":"default","ast-global-header-display":"","ast-banner-title-visibility":"","ast-main-header-display":"","ast-hfb-above-header-display":"","ast-hfb-below-header-display":"","ast-hfb-mobile-header-display":"","site-post-title":"","ast-breadcrumbs-content":"","ast-featured-img":"","footer-sml-layout":"","ast-disable-related-posts":"","theme-transparent-header-meta":"","adv-header-id-meta":"","stick-header-meta":"","header-above-stick-meta":"","header-main-stick-meta":"","header-below-stick-meta":"","astra-migrate-meta-layouts":"default","ast-page-background-enabled":"default","ast-page-background-meta":{"desktop":{"background-color":"var(--ast-global-color-5)","background-image":"","background-repeat":"repeat","background-position":"center center","background-size":"auto","background-attachment":"scroll","background-type":"","background-media":"","overlay-type":"","overlay-color":"","overlay-opacity":"","overlay-gradient":""},"tablet":{"background-color":"","background-image":"","background-repeat":"repeat","background-position":"center center","background-size":"auto","background-attachment":"scroll","background-type":"","background-media":"","overlay-type":"","overlay-color":"","overlay-opacity":"","overlay-gradient":""},"mobile":{"background-color":"","background-image":"","background-repeat":"repeat","background-position":"center center","background-size":"auto","background-attachment":"scroll","background-type":"","background-media":"","overlay-type":"","overlay-color":"","overlay-opacity":"","overlay-gradient":""}},"ast-content-background-meta":{"desktop":{"background-color":"var(--ast-global-color-4)","background-image":"","background-repeat":"repeat","background-position":"center center","background-size":"auto","background-attachment":"scroll","background-type":"","background-media":"","overlay-type":"","overlay-color":"","overlay-opacity":"","overlay-gradient":""},"tablet":{"background-color":"var(--ast-global-color-4)","background-image":"","background-repeat":"repeat","background-position":"center center","background-size":"auto","background-attachment":"scroll","background-type":"","background-media":"","overlay-type":"","overlay-color":"","overlay-opacity":"","overlay-gradient":""},"mobile":{"background-color":"var(--ast-global-color-4)","background-image":"","background-repeat":"repeat","background-position":"center center","background-size":"auto","background-attachment":"scroll","background-type":"","background-media":"","overlay-type":"","overlay-color":"","overlay-opacity":"","overlay-gradient":""}},"footnotes":""},"class_list":["post-5","page","type-page","status-publish","hentry"],"_links":{"self":[{"href":"https:\/\/www.osnhr.si\/ZDSMA\/index.php?rest_route=\/wp\/v2\/pages\/5","targetHints":{"allow":["GET"]}}],"collection":[{"href":"https:\/\/www.osnhr.si\/ZDSMA\/index.php?rest_route=\/wp\/v2\/pages"}],"about":[{"href":"https:\/\/www.osnhr.si\/ZDSMA\/index.php?rest_route=\/wp\/v2\/types\/page"}],"author":[{"embeddable":true,"href":"https:\/\/www.osnhr.si\/ZDSMA\/index.php?rest_route=\/wp\/v2\/users\/1"}],"replies":[{"embeddable":true,"href":"https:\/\/www.osnhr.si\/ZDSMA\/index.php?rest_route=%2Fwp%2Fv2%2Fcomments&post=5"}],"version-history":[{"count":2,"href":"https:\/\/www.osnhr.si\/ZDSMA\/index.php?rest_route=\/wp\/v2\/pages\/5\/revisions"}],"predecessor-version":[{"id":21,"href":"https:\/\/www.osnhr.si\/ZDSMA\/index.php?rest_route=\/wp\/v2\/pages\/5\/revisions\/21"}],"wp:attachment":[{"href":"https:\/\/www.osnhr.si\/ZDSMA\/index.php?rest_route=%2Fwp%2Fv2%2Fmedia&parent=5"}],"curies":[{"name":"wp","href":"https:\/\/api.w.org\/{rel}","templated":true}]}}