{"id":9,"date":"2025-10-14T15:23:52","date_gmt":"2025-10-14T15:23:52","guid":{"rendered":"https:\/\/194.249.1.68\/ZDSMA\/?page_id=9"},"modified":"2025-12-04T06:27:05","modified_gmt":"2025-12-04T06:27:05","slug":"kontakti","status":"publish","type":"page","link":"https:\/\/www.osnhr.si\/ZDSMA\/?page_id=9","title":{"rendered":"Kontakti"},"content":{"rendered":"\n<h1 class=\"wp-block-heading\" id=\"block-5510cb99-ed60-47ab-a61d-8d2912091570\">Osnovna \u0161ola narodnega heroja Rajka Hrastnik<br>Log 19<br>1430 Hrastnik<\/h1>\n\n\n\n<figure class=\"wp-block-table\"><table class=\"has-fixed-layout\"><thead><tr><th>Podatek<\/th><th>Vsebina<\/th><\/tr><\/thead><tbody><tr><td>Dav\u010dna \u0161tevilka:<\/td><td>90342593<\/td><\/tr><tr><td>Mati\u010dna \u0161tevilka:<\/td><td>5089905000<\/td><\/tr><tr><td>TRR:<\/td><td>SI56 0123 4603 0652 150<\/td><\/tr><tr><td>WWW:<\/td><td><a href=\"https:\/\/www.vrtechrastnik.si\/\">www.<\/a><a href=\"https:\/\/www.osnhr.si\/\">osnhr<\/a><a href=\"https:\/\/www.vrtechrastnik.si\/\">.si<\/a><\/td><\/tr><tr><td>Telefon:<\/td><td>03 56 42 460<\/td><\/tr><tr><td>Telefon ravnateljica:<\/td><td>+386 (0)3 56 42 441<\/td><\/tr><\/tbody><\/table><\/figure>\n\n\n\n<h2 class=\"wp-block-heading\" id=\"block-af124d57-6808-4663-bdaa-01eae0d2bf85\">Tajni\u0161tvo in ra\u010dunovodstvo:<\/h2>\n\n\n\n<figure class=\"wp-block-table\"><table class=\"has-fixed-layout\"><thead><tr><th>Oddelek<\/th><th>Kontaktna oseba<\/th><th>Telefon in e-naslov<\/th><\/tr><\/thead><tbody><tr><td>Tajni\u0161tvo<\/td><td>Sabina \u017dibert<\/td><td>03 56 42 460<br><a href=\"mailto:tajnistvo@osnhr.si\">tajnistvo@osnhr.si<\/a><\/td><\/tr><tr><td>Ra\u010dunovodstvo<\/td><td>Mateja Drgan<\/td><td>03 56 42 443<br><a href=\"mailto:racunovodstvo@osnhr.si\">racunovodstvo@osnhr.si<\/a><\/td><\/tr><\/tbody><\/table><\/figure>\n\n\n\n<h2 class=\"wp-block-heading\" id=\"block-78b1ae09-db2e-47e9-8bef-ea36879d66e5\">OSNOVNA \u0160OLA HRASTNIK je sestavljena iz naslednjih enot:<\/h2>\n\n\n\n<figure class=\"wp-block-table\"><table class=\"has-fixed-layout\"><thead><tr><th scope=\"col\">Enota<\/th><th class=\"has-text-align-left\" data-align=\"left\" scope=\"col\">Kontakt<\/th><\/tr><\/thead><tbody><tr><td>Mati\u010dna \u0161ola Hrastnik<\/td><td class=\"has-text-align-left\" data-align=\"left\"><strong>Tel: +386 (0)3 56 42 441, Mob. Tel:<\/strong> <strong>041 431 705<\/strong><br><strong>e-naslov: <a href=\"mailto:polona.dolanc@osnhr.si\">polona.dolanc@osnhr.si<\/a><\/strong><\/td><\/tr><tr><td>Podru\u017enica Dol pri Hrastniku<\/td><td class=\"has-text-align-left\" data-align=\"left\"><strong>Tel: +386 (0)3&nbsp;&nbsp;56 42 424<\/strong><br><strong>e-naslov: <a href=\"mailto:janja.urlep@osnhr.si\">janja.urlep@osnhr.si<\/a><\/strong><\/td><\/tr><\/tbody><\/table><\/figure>\n\n\n\n<p><\/p>\n","protected":false},"excerpt":{"rendered":"<p>Osnovna \u0161ola narodnega heroja Rajka HrastnikLog 191430 Hrastnik Podatek Vsebina Dav\u010dna \u0161tevilka: 90342593 Mati\u010dna \u0161tevilka: 5089905000 TRR: SI56 0123 4603 [&hellip;]<\/p>\n","protected":false},"author":1,"featured_media":0,"parent":0,"menu_order":0,"comment_status":"closed","ping_status":"closed","template":"","meta":{"site-sidebar-layout":"default","site-content-layout":"","ast-site-content-layout":"default","site-content-style":"default","site-sidebar-style":"default","ast-global-header-display":"","ast-banner-title-visibility":"","ast-main-header-display":"","ast-hfb-above-header-display":"","ast-hfb-below-header-display":"","ast-hfb-mobile-header-display":"","site-post-title":"","ast-breadcrumbs-content":"","ast-featured-img":"","footer-sml-layout":"","ast-disable-related-posts":"","theme-transparent-header-meta":"","adv-header-id-meta":"","stick-header-meta":"","header-above-stick-meta":"","header-main-stick-meta":"","header-below-stick-meta":"","astra-migrate-meta-layouts":"default","ast-page-background-enabled":"default","ast-page-background-meta":{"desktop":{"background-color":"var(--ast-global-color-5)","background-image":"","background-repeat":"repeat","background-position":"center center","background-size":"auto","background-attachment":"scroll","background-type":"","background-media":"","overlay-type":"","overlay-color":"","overlay-opacity":"","overlay-gradient":""},"tablet":{"background-color":"","background-image":"","background-repeat":"repeat","background-position":"center center","background-size":"auto","background-attachment":"scroll","background-type":"","background-media":"","overlay-type":"","overlay-color":"","overlay-opacity":"","overlay-gradient":""},"mobile":{"background-color":"","background-image":"","background-repeat":"repeat","background-position":"center center","background-size":"auto","background-attachment":"scroll","background-type":"","background-media":"","overlay-type":"","overlay-color":"","overlay-opacity":"","overlay-gradient":""}},"ast-content-background-meta":{"desktop":{"background-color":"var(--ast-global-color-4)","background-image":"","background-repeat":"repeat","background-position":"center center","background-size":"auto","background-attachment":"scroll","background-type":"","background-media":"","overlay-type":"","overlay-color":"","overlay-opacity":"","overlay-gradient":""},"tablet":{"background-color":"var(--ast-global-color-4)","background-image":"","background-repeat":"repeat","background-position":"center center","background-size":"auto","background-attachment":"scroll","background-type":"","background-media":"","overlay-type":"","overlay-color":"","overlay-opacity":"","overlay-gradient":""},"mobile":{"background-color":"var(--ast-global-color-4)","background-image":"","background-repeat":"repeat","background-position":"center center","background-size":"auto","background-attachment":"scroll","background-type":"","background-media":"","overlay-type":"","overlay-color":"","overlay-opacity":"","overlay-gradient":""}},"footnotes":""},"class_list":["post-9","page","type-page","status-publish","hentry"],"_links":{"self":[{"href":"https:\/\/www.osnhr.si\/ZDSMA\/index.php?rest_route=\/wp\/v2\/pages\/9","targetHints":{"allow":["GET"]}}],"collection":[{"href":"https:\/\/www.osnhr.si\/ZDSMA\/index.php?rest_route=\/wp\/v2\/pages"}],"about":[{"href":"https:\/\/www.osnhr.si\/ZDSMA\/index.php?rest_route=\/wp\/v2\/types\/page"}],"author":[{"embeddable":true,"href":"https:\/\/www.osnhr.si\/ZDSMA\/index.php?rest_route=\/wp\/v2\/users\/1"}],"replies":[{"embeddable":true,"href":"https:\/\/www.osnhr.si\/ZDSMA\/index.php?rest_route=%2Fwp%2Fv2%2Fcomments&post=9"}],"version-history":[{"count":4,"href":"https:\/\/www.osnhr.si\/ZDSMA\/index.php?rest_route=\/wp\/v2\/pages\/9\/revisions"}],"predecessor-version":[{"id":34,"href":"https:\/\/www.osnhr.si\/ZDSMA\/index.php?rest_route=\/wp\/v2\/pages\/9\/revisions\/34"}],"wp:attachment":[{"href":"https:\/\/www.osnhr.si\/ZDSMA\/index.php?rest_route=%2Fwp%2Fv2%2Fmedia&parent=9"}],"curies":[{"name":"wp","href":"https:\/\/api.w.org\/{rel}","templated":true}]}}